{"id":24806,"date":"2017-12-31T19:06:01","date_gmt":"2017-12-31T18:06:01","guid":{"rendered":"https:\/\/metalmakowska.pl\/?page_id=24806"},"modified":"2022-06-03T08:28:28","modified_gmt":"2022-06-03T06:28:28","slug":"o-nas","status":"publish","type":"page","link":"https:\/\/metalmakowska.pl\/?page_id=24806","title":{"rendered":"O NAS"},"content":{"rendered":"<p>[et_pb_section fb_built=&#8221;1&#8243; fullwidth=&#8221;on&#8221; _builder_version=&#8221;4.16&#8243; global_colors_info=&#8221;{}&#8221;][et_pb_fullwidth_slider admin_label=&#8221;slider metal makowska&#8221; _builder_version=&#8221;3.0.99&#8243; background_color=&#8221;#ffffff&#8221; show_inner_shadow=&#8221;on&#8221; global_module=&#8221;24857&#8243; saved_tabs=&#8221;all&#8221; global_colors_info=&#8221;{}&#8221; button_text_size__hover_enabled=&#8221;off&#8221; button_one_text_size__hover_enabled=&#8221;off&#8221; button_two_text_size__hover_enabled=&#8221;off&#8221; button_text_color__hover_enabled=&#8221;off&#8221; button_one_text_color__hover_enabled=&#8221;off&#8221; button_two_text_color__hover_enabled=&#8221;off&#8221; button_border_width__hover_enabled=&#8221;off&#8221; button_one_border_width__hover_enabled=&#8221;off&#8221; button_two_border_width__hover_enabled=&#8221;off&#8221; button_border_color__hover_enabled=&#8221;off&#8221; button_one_border_color__hover_enabled=&#8221;off&#8221; button_two_border_color__hover_enabled=&#8221;off&#8221; button_border_radius__hover_enabled=&#8221;off&#8221; button_one_border_radius__hover_enabled=&#8221;off&#8221; button_two_border_radius__hover_enabled=&#8221;off&#8221; button_letter_spacing__hover_enabled=&#8221;off&#8221; button_one_letter_spacing__hover_enabled=&#8221;off&#8221; button_two_letter_spacing__hover_enabled=&#8221;off&#8221; button_bg_color__hover_enabled=&#8221;off&#8221; button_one_bg_color__hover_enabled=&#8221;off&#8221; button_two_bg_color__hover_enabled=&#8221;off&#8221;][et_pb_slide use_bg_overlay=&#8221;off&#8221; use_text_overlay=&#8221;off&#8221; admin_title=&#8221;metal makowska&#8221; _builder_version=&#8221;4.16&#8243; background_image=&#8221;https:\/\/metalmakowska.pl\/wp-content\/uploads\/2017\/12\/h1-1.jpg&#8221; global_colors_info=&#8221;{}&#8221; sticky_transition=&#8221;on&#8221; button_text_size__hover_enabled=&#8221;off&#8221; button_one_text_size__hover_enabled=&#8221;off&#8221; button_two_text_size__hover_enabled=&#8221;off&#8221; button_text_color__hover_enabled=&#8221;off&#8221; button_one_text_color__hover_enabled=&#8221;off&#8221; button_two_text_color__hover_enabled=&#8221;off&#8221; button_border_width__hover_enabled=&#8221;off&#8221; button_one_border_width__hover_enabled=&#8221;off&#8221; button_two_border_width__hover_enabled=&#8221;off&#8221; button_border_color__hover_enabled=&#8221;off&#8221; button_one_border_color__hover_enabled=&#8221;off&#8221; button_two_border_color__hover_enabled=&#8221;off&#8221; button_border_radius__hover_enabled=&#8221;off&#8221; button_one_border_radius__hover_enabled=&#8221;off&#8221; button_two_border_radius__hover_enabled=&#8221;off&#8221; button_letter_spacing__hover_enabled=&#8221;off&#8221; button_one_letter_spacing__hover_enabled=&#8221;off&#8221; button_two_letter_spacing__hover_enabled=&#8221;off&#8221; button_bg_color__hover_enabled=&#8221;off&#8221; button_one_bg_color__hover_enabled=&#8221;off&#8221; button_two_bg_color__hover_enabled=&#8221;off&#8221;]<\/p>\n<p>&nbsp;<\/p>\n<p>&nbsp;<\/p>\n<p>&nbsp;<\/p>\n<p>&nbsp;<\/p>\n<p>&nbsp;<\/p>\n<p>&nbsp;<\/p>\n<p>[\/et_pb_slide][et_pb_slide use_bg_overlay=&#8221;off&#8221; use_text_overlay=&#8221;off&#8221; admin_title=&#8221;stal i wyroby hutnicze&#8221; _builder_version=&#8221;4.16&#8243; background_image=&#8221;https:\/\/metalmakowska.pl\/wp-content\/uploads\/2017\/12\/h2-1.jpg&#8221; global_colors_info=&#8221;{}&#8221; sticky_transition=&#8221;on&#8221; button_text_size__hover_enabled=&#8221;off&#8221; button_one_text_size__hover_enabled=&#8221;off&#8221; button_two_text_size__hover_enabled=&#8221;off&#8221; button_text_color__hover_enabled=&#8221;off&#8221; button_one_text_color__hover_enabled=&#8221;off&#8221; button_two_text_color__hover_enabled=&#8221;off&#8221; button_border_width__hover_enabled=&#8221;off&#8221; button_one_border_width__hover_enabled=&#8221;off&#8221; button_two_border_width__hover_enabled=&#8221;off&#8221; button_border_color__hover_enabled=&#8221;off&#8221; button_one_border_color__hover_enabled=&#8221;off&#8221; button_two_border_color__hover_enabled=&#8221;off&#8221; button_border_radius__hover_enabled=&#8221;off&#8221; button_one_border_radius__hover_enabled=&#8221;off&#8221; button_two_border_radius__hover_enabled=&#8221;off&#8221; button_letter_spacing__hover_enabled=&#8221;off&#8221; button_one_letter_spacing__hover_enabled=&#8221;off&#8221; button_two_letter_spacing__hover_enabled=&#8221;off&#8221; button_bg_color__hover_enabled=&#8221;off&#8221; button_one_bg_color__hover_enabled=&#8221;off&#8221; button_two_bg_color__hover_enabled=&#8221;off&#8221;]<\/p>\n<p>&nbsp;<\/p>\n<p>&nbsp;<\/p>\n<p>&nbsp;<\/p>\n<p>&nbsp;<\/p>\n<p>&nbsp;<\/p>\n<p>&nbsp;<\/p>\n<p>[\/et_pb_slide][et_pb_slide use_bg_overlay=&#8221;off&#8221; use_text_overlay=&#8221;off&#8221; admin_title=&#8221;skup z\u0142omu&#8221; _builder_version=&#8221;4.16&#8243; background_image=&#8221;https:\/\/metalmakowska.pl\/wp-content\/uploads\/2017\/12\/h3-1.jpg&#8221; global_colors_info=&#8221;{}&#8221; sticky_transition=&#8221;on&#8221; button_text_size__hover_enabled=&#8221;off&#8221; button_one_text_size__hover_enabled=&#8221;off&#8221; button_two_text_size__hover_enabled=&#8221;off&#8221; button_text_color__hover_enabled=&#8221;off&#8221; button_one_text_color__hover_enabled=&#8221;off&#8221; button_two_text_color__hover_enabled=&#8221;off&#8221; button_border_width__hover_enabled=&#8221;off&#8221; button_one_border_width__hover_enabled=&#8221;off&#8221; button_two_border_width__hover_enabled=&#8221;off&#8221; button_border_color__hover_enabled=&#8221;off&#8221; button_one_border_color__hover_enabled=&#8221;off&#8221; button_two_border_color__hover_enabled=&#8221;off&#8221; button_border_radius__hover_enabled=&#8221;off&#8221; button_one_border_radius__hover_enabled=&#8221;off&#8221; button_two_border_radius__hover_enabled=&#8221;off&#8221; button_letter_spacing__hover_enabled=&#8221;off&#8221; button_one_letter_spacing__hover_enabled=&#8221;off&#8221; button_two_letter_spacing__hover_enabled=&#8221;off&#8221; button_bg_color__hover_enabled=&#8221;off&#8221; button_one_bg_color__hover_enabled=&#8221;off&#8221; button_two_bg_color__hover_enabled=&#8221;off&#8221;]<\/p>\n<p>&nbsp;<\/p>\n<p>&nbsp;<\/p>\n<p>&nbsp;<\/p>\n<p>&nbsp;<\/p>\n<p>&nbsp;<\/p>\n<p>&nbsp;<\/p>\n<p>[\/et_pb_slide][\/et_pb_fullwidth_slider][\/et_pb_section][et_pb_section fb_built=&#8221;1&#8243; _builder_version=&#8221;4.16&#8243; global_colors_info=&#8221;{}&#8221;][et_pb_row module_class=&#8221; et_pb_row_fullwidth&#8221; _builder_version=&#8221;4.16&#8243; width=&#8221;89%&#8221; width_tablet=&#8221;80%&#8221; width_phone=&#8221;80%&#8221; width_last_edited=&#8221;on|desktop&#8221; max_width=&#8221;89%&#8221; max_width_tablet=&#8221;80%&#8221; max_width_phone=&#8221;80%&#8221; max_width_last_edited=&#8221;on|desktop&#8221; module_alignment=&#8221;center&#8221; animation_style=&#8221;slide&#8221; make_fullwidth=&#8221;on&#8221; global_colors_info=&#8221;{}&#8221;][et_pb_column type=&#8221;4_4&#8243; _builder_version=&#8221;4.16&#8243; custom_padding=&#8221;|||&#8221; global_colors_info=&#8221;{}&#8221; custom_padding__hover=&#8221;|||&#8221;][et_pb_text _builder_version=&#8221;4.16&#8243; text_font=&#8221;Exo 2|600|||||||&#8221; text_text_color=&#8221;#000000&#8243; text_font_size=&#8221;25px&#8221; animation_style=&#8221;bounce&#8221; global_colors_info=&#8221;{}&#8221;]<\/p>\n<p>HISTORIA<\/p>\n<p>[\/et_pb_text][et_pb_text _builder_version=&#8221;4.16&#8243; text_font=&#8221;Exo 2||||||||&#8221; text_text_color=&#8221;#000000&#8243; text_font_size=&#8221;16px&#8221; module_alignment=&#8221;left&#8221; global_colors_info=&#8221;{}&#8221; custom_margin=&#8221;||7px|||&#8221;]<\/p>\n<div id=\"pg-18-0\" class=\"panel-grid panel-no-style\">\n<div id=\"pgc-18-0-0\" class=\"panel-grid-cell\">\n<div id=\"panel-18-0-0-0\" class=\"so-panel widget widget_sow-editor panel-first-child panel-last-child\" data-index=\"0\">\n<div class=\"so-widget-sow-editor so-widget-sow-editor-base\">\n<div class=\"siteorigin-widget-tinymce textwidget\">\n<p>METAL Makowska z za\u0142o\u017cenia jest firm\u0105 rodzinn\u0105 a jej trzon stanowi\u0105 jej w\u0142a\u015bciciele :Urszula Makowska-Czekaj\u0142o i Marek Czekaj\u0142o .Urszula Makowska-Czekaj\u0142o dzia\u0142alno\u015b\u0107 gospodarcz\u0105 prowadzi od 1997 roku . Na pocz\u0105tku zajmowa\u0142a si\u0119 sprzeda\u017c\u0105 telefon\u00f3w kom\u00f3rkowych \u00a0PTK Centertel oraz ERA GSM. W 2004 roku zapad\u0142a decyzja o przebran\u017cowieniu . W maju 2005 roku Urszula Makowska-Czekaj\u0142o rozpocz\u0119\u0142a handel stal\u0105 i wyrobami hutniczymi. Pocz\u0105tkowo w wynaj\u0119tej hali z jednym pracownikiem z jedn\u0105 lawet\u0105 i busem . Przez 5 lat Urszula Makowska-Czekaj\u0142o nabiera\u0142a do\u015bwiadczenia i gromadzi\u0142a swoim zaanga\u017cowaniem i \u00a0fachowo\u015bci\u0105 klient\u00f3w . W 2010 roku zapad\u0142a strategiczna decyzja o usamodzielnieniu si\u0119 i zakupie w\u0142asnej nowej i zdecydowanie wi\u0119kszej siedziby te\u017c na ulicy Wapiennej ale pod nr 6 . Obiekty zakupili\u015bmy w op\u0142akanym stanie technicznym w trakcie dewastacji i od razu przeprowadzili\u015bmy remont generalny . Do dzi\u015b trwa rozbudowa i ulepszanie siedziby . W planach s\u0105 dalsze inwestycje<\/p>\n<\/div>\n<\/div>\n<\/div>\n<\/div>\n<\/div>\n<div id=\"pg-18-1\" class=\"panel-grid panel-no-style\">\n<div id=\"pgc-18-1-0\" class=\"panel-grid-cell\">\n<div id=\"panel-18-1-0-0\" class=\"so-panel widget widget_sow-image panel-first-child panel-last-child\" data-index=\"1\">\n<div class=\"so-widget-sow-image so-widget-sow-image-default-813df796d9b1\">\n<div class=\"sow-image-container\">\u00a0<\/div>\n<\/div>\n<\/div>\n<\/div>\n<\/div>\n<p>[\/et_pb_text][et_pb_text _builder_version=&#8221;4.17.4&#8243; text_font=&#8221;Exo 2||||||||&#8221; text_text_color=&#8221;#000000&#8243; text_font_size=&#8221;16px&#8221; module_alignment=&#8221;left&#8221; hover_enabled=&#8221;0&#8243; global_colors_info=&#8221;{}&#8221; sticky_enabled=&#8221;0&#8243;]<\/p>\n<p>\u00a0Od kwietnia 2019 rku funkcjonuje r\u00f3wnie pr\u0119\u017cnie nasz drugi oddzia\u0142 filia METAL Makowska w mie\u015bcie Gubin przy ul .Z\u0142ota 6 .<\/p>\n<p>[\/et_pb_text][\/et_pb_column][\/et_pb_row][et_pb_row column_structure=&#8221;1_3,2_3&#8243; module_class=&#8221; et_pb_row_fullwidth&#8221; _builder_version=&#8221;4.16&#8243; width=&#8221;89%&#8221; width_tablet=&#8221;80%&#8221; width_phone=&#8221;80%&#8221; width_last_edited=&#8221;on|desktop&#8221; max_width=&#8221;89%&#8221; max_width_tablet=&#8221;80%&#8221; max_width_phone=&#8221;80%&#8221; max_width_last_edited=&#8221;on|desktop&#8221; module_alignment=&#8221;center&#8221; animation_style=&#8221;slide&#8221; make_fullwidth=&#8221;on&#8221; global_colors_info=&#8221;{}&#8221;][et_pb_column type=&#8221;1_3&#8243; _builder_version=&#8221;4.16&#8243; custom_padding=&#8221;|||&#8221; global_colors_info=&#8221;{}&#8221; custom_padding__hover=&#8221;|||&#8221;][et_pb_image src=&#8221;https:\/\/metalmakowska.pl\/wp-content\/uploads\/2017\/12\/o_nas.png&#8221; title_text=&#8221;o_nas&#8221; align_tablet=&#8221;center&#8221; align_phone=&#8221;center&#8221; align_last_edited=&#8221;on|desktop&#8221; _builder_version=&#8221;4.17.4&#8243; global_colors_info=&#8221;{}&#8221;][\/et_pb_image][\/et_pb_column][et_pb_column type=&#8221;2_3&#8243; _builder_version=&#8221;4.16&#8243; custom_padding=&#8221;|||&#8221; global_colors_info=&#8221;{}&#8221; custom_padding__hover=&#8221;|||&#8221;][et_pb_text _builder_version=&#8221;4.16&#8243; text_font=&#8221;Exo 2||||||||&#8221; text_text_color=&#8221;#000000&#8243; text_font_size=&#8221;25px&#8221; global_colors_info=&#8221;{}&#8221;]<\/p>\n<p>O NAS<\/p>\n<p>[\/et_pb_text][et_pb_text _builder_version=&#8221;4.16&#8243; text_font=&#8221;Exo 2||||||||&#8221; text_text_color=&#8221;#000000&#8243; text_font_size=&#8221;16px&#8221; global_colors_info=&#8221;{}&#8221;]<\/p>\n<p>Po dziesi\u0119ciu latach METAL \u00a0Makowska z beniaminka przerodzi\u0142a si\u0119 w lokalnego lidera rynku stali a marka METAL Makowska jest powszechnie rozpoznawana i sta\u0142a si\u0119 symbolem jako\u015bci i zaufania \u00a0<\/p>\n<p>\u00a0G\u0142\u00f3wnym kierunkiem dzia\u0142alno\u015bci METAL Makowska jest sprzeda\u017c stali i wyrob\u00f3w hutniczych posiadamy magazyn wysokiego sk\u0142adowania oraz plac magazynowo-manewrowy o pow 2 ha .<\/p>\n<p>[\/et_pb_text][\/et_pb_column][\/et_pb_row][et_pb_row module_class=&#8221; et_pb_row_fullwidth&#8221; _builder_version=&#8221;4.16&#8243; width=&#8221;89%&#8221; width_tablet=&#8221;80%&#8221; width_phone=&#8221;80%&#8221; width_last_edited=&#8221;on|desktop&#8221; max_width=&#8221;89%&#8221; max_width_tablet=&#8221;80%&#8221; max_width_phone=&#8221;80%&#8221; max_width_last_edited=&#8221;on|desktop&#8221; module_alignment=&#8221;center&#8221; make_fullwidth=&#8221;on&#8221; global_colors_info=&#8221;{}&#8221;][et_pb_column type=&#8221;4_4&#8243; _builder_version=&#8221;4.16&#8243; custom_padding=&#8221;|||&#8221; global_colors_info=&#8221;{}&#8221; custom_padding__hover=&#8221;|||&#8221;][et_pb_text _builder_version=&#8221;4.17.4&#8243; text_font=&#8221;Exo 2||||||||&#8221; text_text_color=&#8221;#000000&#8243; text_font_size=&#8221;16px&#8221; hover_enabled=&#8221;0&#8243; global_colors_info=&#8221;{}&#8221; sticky_enabled=&#8221;0&#8243;]<\/p>\n<p>Produktem bezpo\u015bredni z sprzeda\u017c\u0105 zwi\u0105zanym jest :Transport ci\u0119\u017carowy, ci\u0119\u017carowy d\u0142u\u017cycowy i ci\u0119\u017carowy z HDS . Dysponujemy kilkoma samochodami ci\u0119\u017carowymi i kilkoma specjalistycznymi przyczepami co daje nam du\u017ce mo\u017cliwo\u015bci konfiguracji transportowych ..<\/p>\n<p>Drugim wa\u017cnym kierunkiem jest wynajem sklep\u00f3w, plac\u00f3w, hal produkcyjno-magazynowych i gara\u017cy magazynowych . \u0141\u0105cznie dysponujemy kilkoma tysi\u0105cami metr\u00f3w powierzchni do wynaj\u0119cia<\/p>\n<p>METAL Makowska prowadzi te\u017c sk\u0142ad gaz\u00f3w technicznych firmy MESSER .<\/p>\n<p>Najwa\u017cniejsz\u0105 warto\u015bci\u0105 METAL Makowska s\u0105 jej klienci zar\u00f3wno hurtowi jak i detaliczni . Obejmujemy swym dzia\u0142aniem po\u0142ow\u0119 wojew\u00f3dztwa lubuskiego i cz\u0119\u015b\u0107 dolno\u015bl\u0105skiego . Znacz\u0105c\u0105 grup\u0105 s\u0105 klienci z niemieckich land\u00f3w przygranicznych . Zdarzaj\u0105 si\u0119 te\u017c i klienci z dalszych rejon\u00f3w .<\/p>\n<p>[\/et_pb_text][et_pb_text _builder_version=&#8221;4.16&#8243; text_font=&#8221;Exo 2|600|||||||&#8221; text_text_color=&#8221;#000000&#8243; text_font_size=&#8221;16px&#8221; global_colors_info=&#8221;{}&#8221;]<\/p>\n<p style=\"text-align: center;\"><em>Drug\u0105 warto\u015bci\u0105 s\u0105 jej pracownicy pocz\u0105wszy od :\u00a0<\/em><\/p>\n<p>[\/et_pb_text][\/et_pb_column][\/et_pb_row][et_pb_row column_structure=&#8221;1_4,1_4,1_4,1_4&#8243; module_class=&#8221; et_pb_row_fullwidth&#8221; _builder_version=&#8221;4.16&#8243; width=&#8221;89%&#8221; width_tablet=&#8221;80%&#8221; width_phone=&#8221;80%&#8221; width_last_edited=&#8221;on|desktop&#8221; max_width=&#8221;89%&#8221; max_width_tablet=&#8221;80%&#8221; max_width_phone=&#8221;80%&#8221; max_width_last_edited=&#8221;on|desktop&#8221; module_alignment=&#8221;center&#8221; make_fullwidth=&#8221;on&#8221; global_colors_info=&#8221;{}&#8221;][et_pb_column type=&#8221;1_4&#8243; _builder_version=&#8221;4.16&#8243; custom_padding=&#8221;|||&#8221; global_colors_info=&#8221;{}&#8221; custom_padding__hover=&#8221;|||&#8221;][et_pb_image src=&#8221;https:\/\/metalmakowska.pl\/wp-content\/uploads\/2016\/01\/1.png&#8221; title_text=&#8221;1&#8243; show_in_lightbox=&#8221;on&#8221; align_tablet=&#8221;center&#8221; align_phone=&#8221;center&#8221; align_last_edited=&#8221;on|desktop&#8221; admin_label=&#8221;urszula makowska&#8221; _builder_version=&#8221;4.17.4&#8243; global_colors_info=&#8221;{}&#8221;][\/et_pb_image][et_pb_team_member name=&#8221;Urszula Makowska-Czekaj\u0142o&#8221; position=&#8221;Zatowarowanie , sprzeda\u017c i logistyka &#8221; admin_label=&#8221;urszula makowska dane&#8221; _builder_version=&#8221;4.16&#8243; header_font=&#8221;Exo 2||||||||&#8221; header_text_color=&#8221;#000000&#8243; body_font=&#8221;Exo 2||||||||&#8221; body_text_align=&#8221;center&#8221; body_text_color=&#8221;#000000&#8243; text_orientation=&#8221;center&#8221; global_colors_info=&#8221;{}&#8221;]<\/p>\n<p>tel +48507801590<\/p>\n<p>[\/et_pb_team_member][\/et_pb_column][et_pb_column type=&#8221;1_4&#8243; _builder_version=&#8221;4.16&#8243; custom_padding=&#8221;|||&#8221; global_colors_info=&#8221;{}&#8221; custom_padding__hover=&#8221;|||&#8221;][et_pb_image src=&#8221;https:\/\/metalmakowska.pl\/wp-content\/uploads\/2017\/12\/3.png&#8221; title_text=&#8221;3&#8243; show_in_lightbox=&#8221;on&#8221; align_tablet=&#8221;center&#8221; align_phone=&#8221;center&#8221; align_last_edited=&#8221;on|desktop&#8221; admin_label=&#8221;beata bie\u0144-lewandowska&#8221; _builder_version=&#8221;4.17.4&#8243; global_colors_info=&#8221;{}&#8221;][\/et_pb_image][et_pb_team_member name=&#8221;Beata Bie\u0144-Lewandowska&#8221; position=&#8221;sprzeda\u017c i logistyka &#8221; admin_label=&#8221;beata bie\u0144-lewandowska dane&#8221; _builder_version=&#8221;4.16&#8243; header_font=&#8221;Exo 2||||||||&#8221; header_text_align=&#8221;center&#8221; header_text_color=&#8221;#000000&#8243; body_font=&#8221;Exo 2||||||||&#8221; body_text_align=&#8221;center&#8221; body_text_color=&#8221;#000000&#8243; text_orientation=&#8221;center&#8221; global_colors_info=&#8221;{}&#8221;]<\/p>\n<p>tel +48506506071<\/p>\n<p>[\/et_pb_team_member][\/et_pb_column][et_pb_column type=&#8221;1_4&#8243; _builder_version=&#8221;4.16&#8243; custom_padding=&#8221;|||&#8221; global_colors_info=&#8221;{}&#8221; custom_padding__hover=&#8221;|||&#8221;][et_pb_image src=&#8221;https:\/\/metalmakowska.pl\/wp-content\/uploads\/2018\/05\/marek_1.1.jpg&#8221; title_text=&#8221;marek_1.1&#8243; show_in_lightbox=&#8221;on&#8221; align_tablet=&#8221;center&#8221; align_phone=&#8221;center&#8221; align_last_edited=&#8221;on|desktop&#8221; admin_label=&#8221;marek czekajlo&#8221; _builder_version=&#8221;4.17.4&#8243; global_colors_info=&#8221;{}&#8221;][\/et_pb_image][et_pb_team_member name=&#8221;Marek Czekaj\u0142o&#8221; admin_label=&#8221;marek czekaj\u0142o dane&#8221; _builder_version=&#8221;4.17.4&#8243; header_font=&#8221;Exo 2||||||||&#8221; header_text_align=&#8221;center&#8221; header_text_color=&#8221;#000000&#8243; body_font=&#8221;Exo 2||||||||&#8221; body_text_align=&#8221;center&#8221; body_text_color=&#8221;#000000&#8243; text_orientation=&#8221;center&#8221; global_colors_info=&#8221;{}&#8221;]<\/p>\n<p>\u00a0tel\u00a0+48798457583<\/p>\n<p>[\/et_pb_team_member][\/et_pb_column][et_pb_column type=&#8221;1_4&#8243; _builder_version=&#8221;4.16&#8243; custom_padding=&#8221;|||&#8221; global_colors_info=&#8221;{}&#8221; custom_padding__hover=&#8221;|||&#8221;][et_pb_image src=&#8221;https:\/\/metalmakowska.pl\/wp-content\/uploads\/2017\/12\/4.png&#8221; title_text=&#8221;4&#8243; show_in_lightbox=&#8221;on&#8221; align_tablet=&#8221;center&#8221; align_phone=&#8221;center&#8221; align_last_edited=&#8221;on|desktop&#8221; admin_label=&#8221;urszula makowska&#8221; _builder_version=&#8221;4.17.4&#8243; global_colors_info=&#8221;{}&#8221;][\/et_pb_image][et_pb_team_member name=&#8221;Izabela Warcholi\u0144ska&#8221; position=&#8221;Sprzeda\u017c i logistyka &#8221; admin_label=&#8221;urszula makowska dane&#8221; _builder_version=&#8221;4.17.4&#8243; header_font=&#8221;Exo 2||||||||&#8221; header_text_color=&#8221;#000000&#8243; body_font=&#8221;Exo 2||||||||&#8221; body_text_align=&#8221;center&#8221; body_text_color=&#8221;#000000&#8243; text_orientation=&#8221;center&#8221; global_colors_info=&#8221;{}&#8221;]<br \/>\n[\/et_pb_team_member][\/et_pb_column][\/et_pb_row][et_pb_row column_structure=&#8221;1_3,1_3,1_3&#8243; module_class=&#8221; et_pb_row_fullwidth&#8221; _builder_version=&#8221;4.16&#8243; width=&#8221;89%&#8221; width_tablet=&#8221;80%&#8221; width_phone=&#8221;80%&#8221; width_last_edited=&#8221;on|desktop&#8221; max_width=&#8221;89%&#8221; max_width_tablet=&#8221;80%&#8221; max_width_phone=&#8221;80%&#8221; max_width_last_edited=&#8221;on|desktop&#8221; module_alignment=&#8221;center&#8221; make_fullwidth=&#8221;on&#8221; global_colors_info=&#8221;{}&#8221;][et_pb_column type=&#8221;1_3&#8243; _builder_version=&#8221;4.16&#8243; custom_padding=&#8221;|||&#8221; global_colors_info=&#8221;{}&#8221; custom_padding__hover=&#8221;|||&#8221;][et_pb_image src=&#8221;https:\/\/metalmakowska.pl\/wp-content\/uploads\/2017\/12\/4.png&#8221; title_text=&#8221;4&#8243; show_in_lightbox=&#8221;on&#8221; align=&#8221;center&#8221; align_tablet=&#8221;center&#8221; align_phone=&#8221;center&#8221; align_last_edited=&#8221;on|desktop&#8221; admin_label=&#8221;malgorzata henke&#8221; _builder_version=&#8221;4.17.4&#8243; global_colors_info=&#8221;{}&#8221;][\/et_pb_image][et_pb_team_member name=&#8221;Ma\u0142gorzata Henke&#8221; position=&#8221;BHP&#8221; admin_label=&#8221;ma\u0142gorzata henke dane&#8221; _builder_version=&#8221;4.16&#8243; header_font=&#8221;Exo 2||||||||&#8221; header_text_align=&#8221;center&#8221; header_text_color=&#8221;#000000&#8243; body_font=&#8221;Exo 2||||||||&#8221; body_text_align=&#8221;center&#8221; body_text_color=&#8221;#000000&#8243; text_orientation=&#8221;center&#8221; global_colors_info=&#8221;{}&#8221;][\/et_pb_team_member][\/et_pb_column][et_pb_column type=&#8221;1_3&#8243; _builder_version=&#8221;4.16&#8243; custom_padding=&#8221;|||&#8221; global_colors_info=&#8221;{}&#8221; custom_padding__hover=&#8221;|||&#8221;][et_pb_image src=&#8221;https:\/\/metalmakowska.pl\/wp-content\/uploads\/2017\/12\/4.png&#8221; title_text=&#8221;4&#8243; show_in_lightbox=&#8221;on&#8221; align=&#8221;center&#8221; align_tablet=&#8221;center&#8221; align_phone=&#8221;center&#8221; align_last_edited=&#8221;on|desktop&#8221; admin_label=&#8221;kierowcy&#8221; _builder_version=&#8221;4.17.4&#8243; global_colors_info=&#8221;{}&#8221;][\/et_pb_image][et_pb_team_member name=&#8221;KIEROWCY&#8221; admin_label=&#8221;kierowcy dane&#8221; _builder_version=&#8221;4.16&#8243; header_font=&#8221;Exo 2||||||||&#8221; header_text_align=&#8221;center&#8221; header_text_color=&#8221;#000000&#8243; body_font=&#8221;Exo 2||||||||&#8221; body_text_align=&#8221;center&#8221; body_text_color=&#8221;#000000&#8243; text_orientation=&#8221;center&#8221; global_colors_info=&#8221;{}&#8221;][\/et_pb_team_member][\/et_pb_column][et_pb_column type=&#8221;1_3&#8243; _builder_version=&#8221;4.16&#8243; custom_padding=&#8221;|||&#8221; global_colors_info=&#8221;{}&#8221; custom_padding__hover=&#8221;|||&#8221;][et_pb_image src=&#8221;https:\/\/metalmakowska.pl\/wp-content\/uploads\/2017\/12\/4.png&#8221; title_text=&#8221;4&#8243; show_in_lightbox=&#8221;on&#8221; align=&#8221;center&#8221; align_tablet=&#8221;center&#8221; align_phone=&#8221;center&#8221; align_last_edited=&#8221;on|desktop&#8221; admin_label=&#8221;magazynierzy&#8221; _builder_version=&#8221;4.17.4&#8243; global_colors_info=&#8221;{}&#8221;][\/et_pb_image][et_pb_team_member name=&#8221;MAGAZYNIERZY&#8221; admin_label=&#8221;magazynierzy dane&#8221; _builder_version=&#8221;4.16&#8243; header_font=&#8221;Exo 2||||||||&#8221; header_text_align=&#8221;center&#8221; header_text_color=&#8221;#000000&#8243; body_font=&#8221;Exo 2||||||||&#8221; body_text_align=&#8221;center&#8221; body_text_color=&#8221;#000000&#8243; text_orientation=&#8221;center&#8221; global_colors_info=&#8221;{}&#8221;][\/et_pb_team_member][\/et_pb_column][\/et_pb_row][et_pb_row module_class=&#8221; et_pb_row_fullwidth&#8221; _builder_version=&#8221;4.16&#8243; width=&#8221;89%&#8221; width_tablet=&#8221;80%&#8221; width_phone=&#8221;80%&#8221; width_last_edited=&#8221;on|desktop&#8221; max_width=&#8221;89%&#8221; max_width_tablet=&#8221;80%&#8221; max_width_phone=&#8221;80%&#8221; max_width_last_edited=&#8221;on|desktop&#8221; module_alignment=&#8221;center&#8221; make_fullwidth=&#8221;on&#8221; global_colors_info=&#8221;{}&#8221;][et_pb_column type=&#8221;4_4&#8243; _builder_version=&#8221;4.16&#8243; custom_padding=&#8221;|||&#8221; global_colors_info=&#8221;{}&#8221; custom_padding__hover=&#8221;|||&#8221;][et_pb_text _builder_version=&#8221;4.16&#8243; text_font=&#8221;Exo 2|600|||||||&#8221; text_text_color=&#8221;#000000&#8243; text_font_size=&#8221;16px&#8221; global_colors_info=&#8221;{}&#8221;]<\/p>\n<p style=\"text-align: center;\"><strong>Za ksi\u0119gowo\u015b\u0107 odpowiada Biuro Bieg\u0142ego Rewidenta Krzysztofa Pow\u0105ski<\/strong>\u00a0. \u00a0<\/p>\n<p>[\/et_pb_text][\/et_pb_column][\/et_pb_row][\/et_pb_section]<\/p>\n","protected":false},"excerpt":{"rendered":"<p>&nbsp; &nbsp; &nbsp; &nbsp; &nbsp; &nbsp;&nbsp; &nbsp; &nbsp; &nbsp; &nbsp; &nbsp;&nbsp; &nbsp; &nbsp; &nbsp; &nbsp; &nbsp;HISTORIA METAL Makowska z za\u0142o\u017cenia jest firm\u0105 rodzinn\u0105 a jej trzon stanowi\u0105 jej w\u0142a\u015bciciele :Urszula Makowska-Czekaj\u0142o i Marek Czekaj\u0142o .Urszula Makowska-Czekaj\u0142o dzia\u0142alno\u015b\u0107 gospodarcz\u0105 prowadzi od 1997 roku . Na pocz\u0105tku zajmowa\u0142a si\u0119 sprzeda\u017c\u0105 telefon\u00f3w kom\u00f3rkowych \u00a0PTK Centertel oraz ERA GSM. [&hellip;]<\/p>\n","protected":false},"author":4,"featured_media":0,"parent":0,"menu_order":0,"comment_status":"closed","ping_status":"closed","template":"","meta":{"_et_pb_use_builder":"on","_et_pb_old_content":"","_et_gb_content_width":"","footnotes":""},"class_list":["post-24806","page","type-page","status-publish","hentry"],"_links":{"self":[{"href":"https:\/\/metalmakowska.pl\/index.php?rest_route=\/wp\/v2\/pages\/24806","targetHints":{"allow":["GET"]}}],"collection":[{"href":"https:\/\/metalmakowska.pl\/index.php?rest_route=\/wp\/v2\/pages"}],"about":[{"href":"https:\/\/metalmakowska.pl\/index.php?rest_route=\/wp\/v2\/types\/page"}],"author":[{"embeddable":true,"href":"https:\/\/metalmakowska.pl\/index.php?rest_route=\/wp\/v2\/users\/4"}],"replies":[{"embeddable":true,"href":"https:\/\/metalmakowska.pl\/index.php?rest_route=%2Fwp%2Fv2%2Fcomments&post=24806"}],"version-history":[{"count":4,"href":"https:\/\/metalmakowska.pl\/index.php?rest_route=\/wp\/v2\/pages\/24806\/revisions"}],"predecessor-version":[{"id":24952,"href":"https:\/\/metalmakowska.pl\/index.php?rest_route=\/wp\/v2\/pages\/24806\/revisions\/24952"}],"wp:attachment":[{"href":"https:\/\/metalmakowska.pl\/index.php?rest_route=%2Fwp%2Fv2%2Fmedia&parent=24806"}],"curies":[{"name":"wp","href":"https:\/\/api.w.org\/{rel}","templated":true}]}}