{"id":24811,"date":"2017-12-31T19:08:01","date_gmt":"2017-12-31T18:08:01","guid":{"rendered":"https:\/\/metalmakowska.pl\/?page_id=24811"},"modified":"2017-12-31T20:00:38","modified_gmt":"2017-12-31T19:00:38","slug":"referencje","status":"publish","type":"page","link":"https:\/\/metalmakowska.pl\/?page_id=24811","title":{"rendered":"REFERENCJE"},"content":{"rendered":"<p>[et_pb_section bb_built=&#8221;1&#8243; fullwidth=&#8221;on&#8221; specialty=&#8221;off&#8221;][et_pb_fullwidth_slider admin_label=&#8221;slider metal makowska&#8221; _builder_version=&#8221;3.0.90&#8243; saved_tabs=&#8221;all&#8221; show_arrows=&#8221;on&#8221; show_pagination=&#8221;on&#8221; show_inner_shadow=&#8221;on&#8221; custom_button=&#8221;off&#8221; button_icon_placement=&#8221;right&#8221; show_content_on_mobile=&#8221;on&#8221; show_cta_on_mobile=&#8221;on&#8221; show_image_video_mobile=&#8221;off&#8221; global_module=&#8221;24857&#8243;] [et_pb_slide _builder_version=&#8221;3.0.90&#8243; use_background_color_gradient=&#8221;off&#8221; background_color_gradient_start=&#8221;#2b87da&#8221; background_color_gradient_end=&#8221;#29c4a9&#8243; background_color_gradient_type=&#8221;linear&#8221; background_color_gradient_direction=&#8221;180deg&#8221; background_color_gradient_direction_radial=&#8221;center&#8221; background_color_gradient_start_position=&#8221;0%&#8221; background_color_gradient_end_position=&#8221;100%&#8221; background_color_gradient_overlays_image=&#8221;off&#8221; background_image=&#8221;https:\/\/metalmakowska.pl\/wp-content\/uploads\/2017\/12\/h1-1.jpg&#8221; parallax=&#8221;off&#8221; parallax_method=&#8221;on&#8221; background_size=&#8221;cover&#8221; background_position=&#8221;center&#8221; background_repeat=&#8221;no-repeat&#8221; background_blend=&#8221;normal&#8221; allow_player_pause=&#8221;off&#8221; admin_title=&#8221;metal makowska&#8221; use_bg_overlay=&#8221;off&#8221; use_text_overlay=&#8221;off&#8221; text_border_radius=&#8221;3&#8243; alignment=&#8221;center&#8221; background_layout=&#8221;dark&#8221;]<\/p>\n<p>&nbsp;<\/p>\n<p>&nbsp;<\/p>\n<p>&nbsp;<\/p>\n<p>&nbsp;<\/p>\n<p>&nbsp;<\/p>\n<p>&nbsp;<\/p>\n<p>[\/et_pb_slide][et_pb_slide _builder_version=&#8221;3.0.90&#8243; use_background_color_gradient=&#8221;off&#8221; background_color_gradient_start=&#8221;#2b87da&#8221; background_color_gradient_end=&#8221;#29c4a9&#8243; background_color_gradient_type=&#8221;linear&#8221; background_color_gradient_direction=&#8221;180deg&#8221; background_color_gradient_direction_radial=&#8221;center&#8221; background_color_gradient_start_position=&#8221;0%&#8221; background_color_gradient_end_position=&#8221;100%&#8221; background_color_gradient_overlays_image=&#8221;off&#8221; background_image=&#8221;https:\/\/metalmakowska.pl\/wp-content\/uploads\/2017\/12\/h2-1.jpg&#8221; parallax=&#8221;off&#8221; parallax_method=&#8221;on&#8221; background_size=&#8221;cover&#8221; background_position=&#8221;center&#8221; background_repeat=&#8221;no-repeat&#8221; background_blend=&#8221;normal&#8221; allow_player_pause=&#8221;off&#8221; admin_title=&#8221;stal i wyroby hutnicze&#8221; use_bg_overlay=&#8221;off&#8221; use_text_overlay=&#8221;off&#8221; text_border_radius=&#8221;3&#8243; alignment=&#8221;center&#8221; background_layout=&#8221;dark&#8221;]<\/p>\n<p>&nbsp;<\/p>\n<p>&nbsp;<\/p>\n<p>&nbsp;<\/p>\n<p>&nbsp;<\/p>\n<p>&nbsp;<\/p>\n<p>&nbsp;<\/p>\n<p>[\/et_pb_slide][et_pb_slide _builder_version=&#8221;3.0.90&#8243; use_background_color_gradient=&#8221;off&#8221; background_color_gradient_start=&#8221;#2b87da&#8221; background_color_gradient_end=&#8221;#29c4a9&#8243; background_color_gradient_type=&#8221;linear&#8221; background_color_gradient_direction=&#8221;180deg&#8221; background_color_gradient_direction_radial=&#8221;center&#8221; background_color_gradient_start_position=&#8221;0%&#8221; background_color_gradient_end_position=&#8221;100%&#8221; background_color_gradient_overlays_image=&#8221;off&#8221; background_image=&#8221;https:\/\/metalmakowska.pl\/wp-content\/uploads\/2017\/12\/h3-1.jpg&#8221; parallax=&#8221;off&#8221; parallax_method=&#8221;on&#8221; background_size=&#8221;cover&#8221; background_position=&#8221;center&#8221; background_repeat=&#8221;no-repeat&#8221; background_blend=&#8221;normal&#8221; allow_player_pause=&#8221;off&#8221; admin_title=&#8221;skup z\u0142omu&#8221; use_bg_overlay=&#8221;off&#8221; use_text_overlay=&#8221;off&#8221; text_border_radius=&#8221;3&#8243; alignment=&#8221;center&#8221; background_layout=&#8221;dark&#8221;]<\/p>\n<p>&nbsp;<\/p>\n<p>&nbsp;<\/p>\n<p>&nbsp;<\/p>\n<p>&nbsp;<\/p>\n<p>&nbsp;<\/p>\n<p>&nbsp;<\/p>\n<p>[\/et_pb_slide] [\/et_pb_fullwidth_slider][\/et_pb_section][et_pb_section bb_built=&#8221;1&#8243;][et_pb_row _builder_version=&#8221;3.0.90&#8243; module_alignment=&#8221;center&#8221; make_fullwidth=&#8221;on&#8221; animation_style=&#8221;slide&#8221;][et_pb_column type=&#8221;4_4&#8243;][et_pb_text _builder_version=&#8221;3.0.90&#8243; background_layout=&#8221;light&#8221; text_font=&#8221;Exo 2|600||on|||||&#8221; text_font_size=&#8221;25px&#8221; text_text_color=&#8221;#000000&#8243; text_orientation=&#8221;center&#8221; module_alignment=&#8221;center&#8221;]<\/p>\n<p style=\"text-align: center;\">REFERENCJE<\/p>\n<p>[\/et_pb_text][\/et_pb_column][\/et_pb_row][et_pb_row][et_pb_column type=&#8221;1_3&#8243;][et_pb_testimonial admin_label=&#8221;Opinia OSCAR \u0141ukasz Gacek&#8221; _builder_version=&#8221;3.0.90&#8243; author=&#8221;\u0141ukasz Gacek&#8221; company_name=&#8221;OSCAR &#8221; url_new_window=&#8221;off&#8221; quote_icon=&#8221;on&#8221; use_background_color=&#8221;on&#8221; quote_icon_color=&#8221;#e02b20&#8243; quote_icon_background_color=&#8221;rgba(255,255,255,0)&#8221; background_layout=&#8221;light&#8221; text_orientation=&#8221;center&#8221; body_font=&#8221;Exo 2||||||||&#8221; body_text_align=&#8221;center&#8221; body_text_color=&#8221;#000000&#8243; animation_style=&#8221;slide&#8221; background_color=&#8221;#ffffff&#8221;]<\/p>\n<p style=\"text-align: center;\">&#8222;OSCAR \u0141ukasz Gacek o\u015bwiadcza, \u017ce Metal Makowska wykaza\u0142a si\u0119 pe\u0142nym profesjonalizmem w zakresie doradztwa w temacie stali i wyrob\u00f3w hutniczych.&#8221;<\/p>\n<p>[\/et_pb_testimonial][et_pb_testimonial admin_label=&#8221;Opinia JANBUD Boles\u0142aw Kordeusz&#8221; _builder_version=&#8221;3.0.90&#8243; author=&#8221;Boles\u0142aw Kordeusz&#8221; company_name=&#8221;JANBUD&#8221; url_new_window=&#8221;off&#8221; quote_icon=&#8221;on&#8221; use_background_color=&#8221;on&#8221; quote_icon_color=&#8221;#e02b20&#8243; quote_icon_background_color=&#8221;rgba(255,255,255,0)&#8221; background_layout=&#8221;light&#8221; text_orientation=&#8221;center&#8221; body_font=&#8221;Exo 2||||||||&#8221; body_text_align=&#8221;center&#8221; body_text_color=&#8221;#000000&#8243; animation_style=&#8221;slide&#8221; background_color=&#8221;#ffffff&#8221;]<\/p>\n<p style=\"text-align: center;\">&#8222;Rekomenduj\u0119 firm\u0119 Metal Makowska oceniaj\u0105c j\u0105 jako partnera kompetentnego, elastycznie i profesjonalnie podchodz\u0105cego do realizowanych zlece\u0144 oraz szybko reaguj\u0105cego na potrzeby Klienta.Wsp\u00f3\u0142praca mi\u0119dzy naszymi firmami uk\u0142ada si\u0119 pomy\u015blnie, bez \u017cadnych zastrze\u017ce\u0144. Wszystkie powierzone zadania wykonywane s\u0105 terminowo, z nale\u017cyt\u0105 staranno\u015bci\u0105.&#8221;<\/p>\n<p>[\/et_pb_testimonial][\/et_pb_column][et_pb_column type=&#8221;1_3&#8243;][et_pb_testimonial admin_label=&#8221;Opinia STAHLBAU S\u0142awomir Paj\u0105k&#8221; _builder_version=&#8221;3.0.90&#8243; author=&#8221;S\u0142awomir Paj\u0105k&#8221; company_name=&#8221;STAHLBAU&#8221; url_new_window=&#8221;off&#8221; quote_icon=&#8221;on&#8221; use_background_color=&#8221;on&#8221; quote_icon_color=&#8221;#e02b20&#8243; quote_icon_background_color=&#8221;rgba(255,255,255,0)&#8221; background_layout=&#8221;light&#8221; text_orientation=&#8221;center&#8221; body_font=&#8221;Exo 2||||||||&#8221; body_text_align=&#8221;center&#8221; body_text_color=&#8221;#000000&#8243; animation_style=&#8221;slide&#8221; background_color=&#8221;#ffffff&#8221;]<\/p>\n<p style=\"text-align: center;\">&#8222;Zwa\u017cywszy na dotychczasow\u0105 wsp\u00f3\u0142prac\u0119 pragn\u0119 zarekomendowa\u0107 Pa\u0144stwu us\u0142ugi firmy Metal Makowska. Wiedza oraz do\u015bwiadczenie Tej firmy okaza\u0142y si\u0119 bardzo pomocne.Do\u015bwiadczenie i wysoki poziom umiej\u0119tno\u015bci prezentowanych przez pracownik\u00f3w Metal Makowska pozwala mi z ca\u0142kowitym przekonaniem poleci\u0107 firm\u0119 nie tylko jako dobrego konsultanta, ale r\u00f3wnie\u017c profesjonalnego partnera.&#8221;<\/p>\n<p>[\/et_pb_testimonial][\/et_pb_column][et_pb_column type=&#8221;1_3&#8243;][et_pb_testimonial admin_label=&#8221;Opinia ZAK\u0141AD METALOWY STARYK Henryk Staryk&#8221; _builder_version=&#8221;3.0.90&#8243; author=&#8221;Henryk Staryk&#8221; company_name=&#8221;ZAK\u0141AD METALOWY STARYK &#8221; url_new_window=&#8221;off&#8221; quote_icon=&#8221;on&#8221; use_background_color=&#8221;on&#8221; quote_icon_color=&#8221;#e02b20&#8243; quote_icon_background_color=&#8221;rgba(255,255,255,0)&#8221; background_layout=&#8221;light&#8221; text_orientation=&#8221;center&#8221; body_font=&#8221;Exo 2||||||||&#8221; body_text_align=&#8221;center&#8221; body_text_color=&#8221;#000000&#8243; animation_style=&#8221;slide&#8221; background_color=&#8221;#ffffff&#8221;]<\/p>\n<p style=\"text-align: center;\">&#8222;Polecam us\u0142ugi firmy Metal Makowska Wyra\u017camy ogromne zadowolenie ze wsp\u00f3\u0142pracy z t\u0105 firm\u0105. Jest to partner profesjonalny i rzetelny. Us\u0142ugi oferowane przez Metal Makowska \u015bwiadczone s\u0105 na najwy\u017cszym poziomie. Dzia\u0142alno\u015b\u0107 firmy charakteryzuje si\u0119 nowoczesnymi metodami wsp\u00f3\u0142pracy z klientami, fachowo\u015bci\u0105 i otwarciem na klienta.&#8221;<\/p>\n<p>[\/et_pb_testimonial][et_pb_testimonial admin_label=&#8221;Opinia HAMMERMAN Grzegorz Karbownik&#8221; _builder_version=&#8221;3.0.90&#8243; author=&#8221;Grzegorz Karbownik&#8221; company_name=&#8221;HAMMERMAN&#8221; url_new_window=&#8221;off&#8221; quote_icon=&#8221;on&#8221; use_background_color=&#8221;on&#8221; quote_icon_color=&#8221;#e02b20&#8243; quote_icon_background_color=&#8221;rgba(255,255,255,0)&#8221; background_layout=&#8221;light&#8221; text_orientation=&#8221;center&#8221; body_font=&#8221;Exo 2||||||||&#8221; body_text_align=&#8221;center&#8221; body_text_color=&#8221;#000000&#8243; animation_style=&#8221;slide&#8221; background_color=&#8221;#ffffff&#8221;]<\/p>\n<p style=\"text-align: center;\">&#8222;Jeste\u015bmy zadowoleni z dotychczasowej wsp\u00f3\u0142pracy, uk\u0142ada si\u0119 ona bardzo dobrze, zam\u00f3wienia realizowane s\u0105 terminowo a poziom obs\u0142ugi jest bardzo wysoki.&#8221;<\/p>\n<p>[\/et_pb_testimonial][\/et_pb_column][\/et_pb_row][\/et_pb_section]<\/p>\n","protected":false},"excerpt":{"rendered":"<p>&nbsp; &nbsp; &nbsp; &nbsp; &nbsp; &nbsp; &nbsp; &nbsp; &nbsp; &nbsp; &nbsp; &nbsp; &nbsp; &nbsp; &nbsp; &nbsp; &nbsp; &nbsp; REFERENCJE <div class=\"et_pb_row et_pb_row_0 et_pb_row_empty\">\n\t\t\t\t\n\t\t\t\t\n\t\t\t\t\n\t\t\t\t\n\t\t\t\t\n\t\t\t<\/div> &#8222;OSCAR \u0141ukasz Gacek o\u015bwiadcza, \u017ce Metal Makowska wykaza\u0142a si\u0119 pe\u0142nym profesjonalizmem w zakresie doradztwa w temacie stali i wyrob\u00f3w hutniczych.&#8221; &#8222;Rekomenduj\u0119 firm\u0119 Metal Makowska oceniaj\u0105c j\u0105 jako partnera kompetentnego, elastycznie i profesjonalnie podchodz\u0105cego do realizowanych [&hellip;]<\/p>\n","protected":false},"author":4,"featured_media":0,"parent":0,"menu_order":0,"comment_status":"closed","ping_status":"closed","template":"","meta":{"_et_pb_use_builder":"on","_et_pb_old_content":"","_et_gb_content_width":"","footnotes":""},"class_list":["post-24811","page","type-page","status-publish","hentry"],"_links":{"self":[{"href":"https:\/\/metalmakowska.pl\/index.php?rest_route=\/wp\/v2\/pages\/24811","targetHints":{"allow":["GET"]}}],"collection":[{"href":"https:\/\/metalmakowska.pl\/index.php?rest_route=\/wp\/v2\/pages"}],"about":[{"href":"https:\/\/metalmakowska.pl\/index.php?rest_route=\/wp\/v2\/types\/page"}],"author":[{"embeddable":true,"href":"https:\/\/metalmakowska.pl\/index.php?rest_route=\/wp\/v2\/users\/4"}],"replies":[{"embeddable":true,"href":"https:\/\/metalmakowska.pl\/index.php?rest_route=%2Fwp%2Fv2%2Fcomments&post=24811"}],"version-history":[{"count":0,"href":"https:\/\/metalmakowska.pl\/index.php?rest_route=\/wp\/v2\/pages\/24811\/revisions"}],"wp:attachment":[{"href":"https:\/\/metalmakowska.pl\/index.php?rest_route=%2Fwp%2Fv2%2Fmedia&parent=24811"}],"curies":[{"name":"wp","href":"https:\/\/api.w.org\/{rel}","templated":true}]}}